{"id":38,"date":"2024-01-23T00:21:03","date_gmt":"2024-01-23T00:21:03","guid":{"rendered":"https:\/\/querciahouses.com\/?page_id=38"},"modified":"2024-05-27T12:45:32","modified_gmt":"2024-05-27T12:45:32","slug":"quercia-houses","status":"publish","type":"page","link":"https:\/\/querciahouses.com\/pt\/quercia-houses\/","title":{"rendered":"Quercia Houses"},"content":{"rendered":"<section class=\"gpc-about-us align-full\" id=\"gpc-about-block_e9a11e86e2c24b975d725ed67405ebce\">\n    <div class=\"gpc-about-content gpc-content-section\">\n\n                <div class=\"gpc-heading text-left\">\n\n                        <p class=\"gpc-heading__sub-title\">\n                <span class=\"line-decoration\"><\/span>\n                Quem somos            <\/p>\n            \n                        <h2 class=\"gpc-heading__title title-1\">Quercia Houses<\/h2>            \n        <\/div>\n        \n        <div class=\"row middle-xs\">\n            <div class=\"col-lg-6 col-md-6 col-xs-12 gpc-about-desc animate__animated animate__fadeInUp\">\n                                <div class=\"box subtitle-2\">\n                    <p>Pertencente ao Grupo Quercia, a Quercia Houses possui empreendimentos tur\u00edsticos em diferentes zonas de Viana do Castelo: Praia do Cabedelo e Mazarefes (junto ao Retail Park). Localizado a poucos quil\u00f3metros da cidade, o alojamento tem um design moderno e requintado e est\u00e1 totalmente equipado para garantir o seu conforto.<\/p>\n<p>Temos o espa\u00e7o ideal para a sua estadia, quer se trate de f\u00e9rias em fam\u00edlia, de um fim de semana, de uma celebra\u00e7\u00e3o festiva, de um per\u00edodo de trabalho\/neg\u00f3cios ou mesmo de uma estadia de m\u00e9dia dura\u00e7\u00e3o. Deixe-se levar pelo nosso espa\u00e7o!<\/p>\n                <\/div>\n                            <\/div>\n\n            <div class=\"col-lg-6 col-md-6 col-xs-12\">\n                <div class=\"box\">\n                    <div class=\"row\">\n\n                        <div class=\"col-md-6 col-xs-6 gpc-about-images\">\n                                                        <div class=\"box gpc-about-img-left animate__animated animate__fadeInUp\">\n                                <img decoding=\"async\" width=\"1920\" height=\"1280\" src=\"https:\/\/querciahouses.com\/wp-content\/uploads\/2024\/02\/quercia_houses_mazarefes.jpg\" class=\"attachment-full size-full\" alt=\"\" loading=\"lazy\" srcset=\"https:\/\/querciahouses.com\/wp-content\/uploads\/2024\/02\/quercia_houses_mazarefes.jpg 1920w, https:\/\/querciahouses.com\/wp-content\/uploads\/2024\/02\/quercia_houses_mazarefes-300x200.jpg 300w, https:\/\/querciahouses.com\/wp-content\/uploads\/2024\/02\/quercia_houses_mazarefes-1024x683.jpg 1024w, https:\/\/querciahouses.com\/wp-content\/uploads\/2024\/02\/quercia_houses_mazarefes-768x512.jpg 768w, https:\/\/querciahouses.com\/wp-content\/uploads\/2024\/02\/quercia_houses_mazarefes-1536x1024.jpg 1536w, https:\/\/querciahouses.com\/wp-content\/uploads\/2024\/02\/quercia_houses_mazarefes-2048x1366.jpg 2048w\" sizes=\"auto, (max-width: 1920px) 100vw, 1920px\" \/>                            <\/div>\n                                                    <\/div>\n\n                        <div class=\"col-md-6 col-xs-6\">\n                                                        <div class=\"box gpc-about-img-right animate__animated animate__fadeInUp\">\n                                <img decoding=\"async\" width=\"1300\" height=\"866\" src=\"https:\/\/querciahouses.com\/wp-content\/uploads\/2024\/01\/quercia-houses-mazarefes-exterior-3.jpg\" class=\"attachment-full size-full\" alt=\"\" loading=\"lazy\" srcset=\"https:\/\/querciahouses.com\/wp-content\/uploads\/2024\/01\/quercia-houses-mazarefes-exterior-3.jpg 1300w, https:\/\/querciahouses.com\/wp-content\/uploads\/2024\/01\/quercia-houses-mazarefes-exterior-3-300x200.jpg 300w, https:\/\/querciahouses.com\/wp-content\/uploads\/2024\/01\/quercia-houses-mazarefes-exterior-3-1024x682.jpg 1024w, https:\/\/querciahouses.com\/wp-content\/uploads\/2024\/01\/quercia-houses-mazarefes-exterior-3-768x512.jpg 768w\" sizes=\"auto, (max-width: 1300px) 100vw, 1300px\" \/>                            <\/div>\n                                                    <\/div>\n\n                    <\/div>\n                <\/div>\n            <\/div>\n        <\/div>\n\n    <\/div>\n<\/section>\n\n<section class=\"gpc-animate-section gpc-mission-block layout2\">\n    <div class=\"gpc-content-section\">\n        <div class=\"gpc-mission-block__container\">\n            <div class=\"gpc-mission-block__header title gpc-animate animate__fadeInUp\">\n                                <div class=\"gpc-heading\">\n                    <p class=\"gpc-mission-block__heading gpc-heading__sub-title\">\n                        <span class=\"line-decoration\"><\/span> Quem somos                     <\/p>\n                    <h3 class=\"gpc-heading__title title-2\">Miss\u00e3o e vis\u00e3o <\/span><\/h3>\n                <\/div>\n                            <\/div>\n            <div class=\"gpc-mission-block__grid\">\n                                                <div class=\"gpc-mission-block__card layout2 card-2 gpc-animate animate__fadeInUp\">\n                    <span class=\"gpc-icon gpc-icon-mission\"><\/span>\n                    <h4 class=\"gpc-mission-block__card-title\">A nossa miss\u00e3o<\/h4>\n                                        <div class=\"accordion-container\" data-toggle=\"single\">\n                                                                        <button class=\"accordion\"><span>Preserva\u00e7\u00e3o\/Promo\u00e7\u00e3o do Patrim\u00f3nio<\/span><\/button>\n                        <div class=\"accordion-content\">\n                            <div class=\"accordion-content-inner\">Manter e valorizar o patrim\u00f3nio cultural e arquitet\u00f3nico das propriedades, proporcionando uma experi\u00eancia aut\u00eantica aos h\u00f3spedes.<\/div>\n                        <\/div>\n                                                <button class=\"accordion\"><span>Hospitalidade<\/span><\/button>\n                        <div class=\"accordion-content\">\n                            <div class=\"accordion-content-inner\">Oferecer servi\u00e7os de alta qualidade, atrav\u00e9s de experi\u00eancias diferenciadas, aut\u00eanticas e acolhedoras, em ambientes \u00fanicos e exclusivos, proporcionando momentos de relaxamento, conex\u00e3o com a natureza e imers\u00e3o na cultura local, promovendo o bem-estar e a satisfa\u00e7\u00e3o dos nossos h\u00f3spedes.<\/div>\n                        <\/div>\n                                                <button class=\"accordion\"><span>Experi\u00eancia Local<\/span><\/button>\n                        <div class=\"accordion-content\">\n                            <div class=\"accordion-content-inner\">Proporcionar aos h\u00f3spedes a oportunidade de conhecer e apreciar a cultura local, a gastronomia, as tradi\u00e7\u00f5es e as paisagens da regi\u00e3o. <\/div>\n                        <\/div>\n                                                                    <\/div>\n                                    <\/div>\n                                <div class=\"gpc-mission-block__card layout2 card-3 gpc-animate animate__fadeInUp\">\n                    <span class=\"gpc-icon gpc-icon-values\"><\/span>\n                    <h4 class=\"gpc-mission-block__card-title\">Os nossos valores<\/h4>\n                                        <div class=\"accordion-container\" data-toggle=\"single\">\n                                                                        <button class=\"accordion\"><span>Autenticidade<\/span><\/button>\n                        <div class=\"accordion-content\">\n                            <div class=\"accordion-content-inner\">Valorizar a autenticidade da experi\u00eancia, proporcionando aos h\u00f3spedes uma estadia que reflete verdadeiramente a cultura e o patrim\u00f3nio da regi\u00e3o.<\/div>\n                        <\/div>\n                                                <button class=\"accordion\"><span>Hospitalidade<\/span><\/button>\n                        <div class=\"accordion-content\">\n                            <div class=\"accordion-content-inner\">Ser reconhecido como refer\u00eancia em turismo de habita\u00e7\u00e3o\/alojamento local, colocando os h\u00f3spedes em primeiro lugar, garantindo que se sentem bem-vindos, valorizados e cuidados, durante a  estadia, mantendo sempre a ess\u00eancia, proporcionando momentos \u00fanicos e memor\u00e1veis, e sempre numa atitude de melhoria continua dos nossos servi\u00e7os.<\/div>\n                        <\/div>\n                                                <button class=\"accordion\"><span>Sustentabilidade<\/span><\/button>\n                        <div class=\"accordion-content\">\n                            <div class=\"accordion-content-inner\">Comprometermo-nos com pr\u00e1ticas sustent\u00e1veis, respeitando o meio ambiente e contribuindo para o desenvolvimento sustent\u00e1vel da comunidade local.<\/div>\n                        <\/div>\n                                                <button class=\"accordion\"><span>Respeito<\/span><\/button>\n                        <div class=\"accordion-content\">\n                            <div class=\"accordion-content-inner\">Respeitar a diversidade e a individualidade de cada h\u00f3spede, proporcionando um ambiente inclusivo e acolhedor para todos.<\/div>\n                        <\/div>\n                                                <button class=\"accordion\"><span>Excel\u00eancia<\/span><\/button>\n                        <div class=\"accordion-content\">\n                            <div class=\"accordion-content-inner\">Apostar na excel\u00eancia, em todos os aspectos dos servi\u00e7os prestados, desde a qualidade das instala\u00e7\u00f5es, at\u00e9 \u00e0 intera\u00e7\u00e3o com os h\u00f3spedes.<\/div>\n                        <\/div>\n                                                <button class=\"accordion\"><span>Integridade<\/span><\/button>\n                        <div class=\"accordion-content\">\n                            <div class=\"accordion-content-inner\">Agir com integridade, sendo transparentes, honestos e \u00e9ticos, em toda a nossa atividade, nas rela\u00e7\u00f5es com colaboradores, clientes e parceiros, sempre com respeito e valoriza\u00e7\u00e3o, das comunidades locais.<\/div>\n                        <\/div>\n                                                <button class=\"accordion\"><span>Parceria com a Comunidade<\/span><\/button>\n                        <div class=\"accordion-content\">\n                            <div class=\"accordion-content-inner\">Trabalhar em parceria com a comunidade local, apoiando o desenvolvimento local e promovendo a cultura e o patrim\u00f3nio da regi\u00e3o. <\/div>\n                        <\/div>\n                                                                    <\/div>\n                                    <\/div>\n                                <div class=\"gpc-mission-block__card layout2 card-4 gpc-animate animate__fadeInUp\">\n                    <span class=\"gpc-icon gpc-icon-vision\"><\/span>\n                    <h4 class=\"gpc-mission-block__card-title\">A nossa Vis\u00e3o<\/h4>\n                                        <div class=\"accordion-container\" data-toggle=\"single\">\n                                                                        <button class=\"accordion\"><span>Destino de Excel\u00eancia<\/span><\/button>\n                        <div class=\"accordion-content\">\n                            <div class=\"accordion-content-inner\">Tornar-se um destino de escolha para os viajantes que procuram uma experi\u00eancia diferenciada, aut\u00eantica e enriquecedora, proporcionando um servi\u00e7o de excel\u00eancia, que exceda as expectativas dos h\u00f3spedes.<\/div>\n                        <\/div>\n                                                <button class=\"accordion\"><span>L\u00edder em Sustentabilidade<\/span><\/button>\n                        <div class=\"accordion-content\">\n                            <div class=\"accordion-content-inner\">Estabelecer-se como um l\u00edder em pr\u00e1ticas sustent\u00e1veis no setor do turismo, demonstrando que \u00e9 poss\u00edvel oferecer uma experi\u00eancia de alta qualidade e simultaneamente, minimizar o impacto ambiental.<\/div>\n                        <\/div>\n                                                <button class=\"accordion\"><span>Promotor da Cultura Local<\/span><\/button>\n                        <div class=\"accordion-content\">\n                            <div class=\"accordion-content-inner\">Ser um catalisador para o desenvolvimento e promo\u00e7\u00e3o da cultura local, contribuindo para o seu reconhecimento e aprecia\u00e7\u00e3o, a n\u00edvel nacional e internacional.<\/div>\n                        <\/div>\n                                                <button class=\"accordion\"><span>Parceiro da Comunidade<\/span><\/button>\n                        <div class=\"accordion-content\">\n                            <div class=\"accordion-content-inner\">Desempenhar um papel ativo na comunidade local, contribuindo para o seu desenvolvimento socioecon\u00f3mico e para a melhoria da qualidade de vida dos seus habitantes. <\/div>\n                        <\/div>\n                                                                    <\/div>\n                                    <\/div>\n                                            <\/div>\n        <\/div>\n    <\/div>\n<\/section>\n\n<style>\n        :root {\n            --cta_bg_mobile: url(https:\/\/querciahouses.com\/wp-content\/uploads\/2024\/01\/quercia-houses-mazarefes-exterior-3.jpg);\n            --cta_bg_desktop_webp: -webkit-image-set(url(https:\/\/querciahouses.com\/wp-content\/uploads\/2024\/01\/quercia-houses-mazarefes-exterior-3.jpg.webp) 1x);\n        }\n    <\/style><style>\n        :root {\n            --cta_bg_desktop: url(https:\/\/querciahouses.com\/wp-content\/uploads\/2024\/01\/quercia-houses-mazarefes-exterior-3.jpg);\n            --cta_bg_desktop_webp: -webkit-image-set(url(https:\/\/querciahouses.com\/wp-content\/uploads\/2024\/01\/quercia-houses-mazarefes-exterior-3.jpg.webp) 1x);\n        }\n    <\/style>\n<section class=\"gpc-cta-layout2 gpc-call-to-action gpc-parallax fixed-bg\">\n    <div class=\"gpc-call-to-action__container gpc-section-content\">\n        <div class=\"row middle-xs\">\n    <div class=\"col-md-12 col-xs-12 gpc-text-center gpc-video-play-button-wrapper\">\n                <a class=\"gpc-video-play-button\" href=\"https:\/\/www.youtube.com\/watch?v=a6QFdrclrxU\" data-lity target=\"_blank\" rel=\"noopener\">\n            <i class=\"fa-solid fa-play\"><\/i>\n        <\/a>\n            <\/div>\n<\/div>    <\/div>\n<\/section>\n\n<section class=\"gpc-animate-section gpc-company-benefits layout2\">\n    <div class=\"gpc-content-section\">\n        <div class=\"gpc-company-benefits__container\">\n            <div class=\"gpc-company-benefits__grid\">\n                <div class=\"gpc-company-benefits__card card-1 gpc-animate animate__fadeInUp\">\n                                        <div class=\"gpc-heading\">\n                        <p class=\"gpc-company-benefits__heading gpc-heading__sub-title\">\n                            <span class=\"line-decoration\"><\/span> A nossa atividade                        <\/p>\n                        <h3 class=\"gpc-heading__title title-1\">Servi\u00e7os e experi\u00eancias de qualidade para que a sua estadia seja inesquec\u00edvel<\/span>\n                        <\/h3>\n                                                <a class=\"btn btn-secondary link-arrow\" title=\"Explore os nossos alojamentos\"\n                            href=\"\/pt\/alojamentos\/\"> Explore os nossos alojamentos                            &nbsp;<span class=\"fa-solid fa-arrow-right-long\"><\/span><\/a>\n                                            <\/div>\n                                    <\/div>\n                                                <div class=\"gpc-company-benefits__card card-2 gpc-animate animate__fadeInUp\">\n                    <span class=\"gpc-icon gpc-icon-nautical-sports\"><\/span>\n                    <div class=\"card-content\">\n                        <h4 class=\"gpc-company-benefits__card-title\">Desportos n\u00e1uticos Q.<\/h4>\n                        <p class=\"gpc-company-benefits__card-description\">Se \u00e9 um amante do mar, do vento e da adrenalina, ent\u00e3o vai adorar os desportos n\u00e1uticos que Viana do Castelo tem para oferecer. <\/p>\n                                                <a class=\"btn-card-link link-arrow\" href=\"https:\/\/querciahouses.com\/pt\/experiencias\/desportos-nauticos\/\">\n                            Saiba mais&nbsp;<span class=\"fa-solid fa-arrow-right-long\"><\/span>\n                        <\/a>\n                                            <\/div>\n                <\/div>\n                                <div class=\"gpc-company-benefits__card card-3 gpc-animate animate__fadeInUp\">\n                    <span class=\"gpc-icon gpc-icon-horse-ride\"><\/span>\n                    <div class=\"card-content\">\n                        <h4 class=\"gpc-company-benefits__card-title\">Passeios a Cavalo Q.<\/h4>\n                        <p class=\"gpc-company-benefits__card-description\">Mergulhe na beleza deslumbrante de Viana do Castelo com um cativante passeio a cavalo. <\/p>\n                                                <a class=\"btn-card-link link-arrow\" href=\"https:\/\/querciahouses.com\/pt\/experiencias\/passeios-a-cavalo\/\">\n                            Saiba mais&nbsp;<span class=\"fa-solid fa-arrow-right-long\"><\/span>\n                        <\/a>\n                                            <\/div>\n                <\/div>\n                                <div class=\"gpc-company-benefits__card card-4 gpc-animate animate__fadeInUp\">\n                    <span class=\"gpc-icon gpc-icon-private-chef\"><\/span>\n                    <div class=\"card-content\">\n                        <h4 class=\"gpc-company-benefits__card-title\">Chef privada Q.<\/h4>\n                        <p class=\"gpc-company-benefits__card-description\">Desfrute de uma experi\u00eancia gastron\u00f3mica inigual\u00e1vel com uma chef privada no conforto da sua pr\u00f3pria casa. <\/p>\n                                                <a class=\"btn-card-link link-arrow\" href=\"https:\/\/querciahouses.com\/pt\/experiencias\/chef-privada\/\">\n                            Saiba mais&nbsp;<span class=\"fa-solid fa-arrow-right-long\"><\/span>\n                        <\/a>\n                                            <\/div>\n                <\/div>\n                                            <\/div>\n        <\/div>\n    <\/div>\n<\/section>","protected":false},"excerpt":{"rendered":"","protected":false},"author":1,"featured_media":166,"parent":0,"menu_order":0,"comment_status":"closed","ping_status":"closed","template":"","meta":{"_acf_changed":false,"rs_blank_template":"","rs_page_bg_color":"","slide_template_v7":"","footnotes":""},"class_list":["post-38","page","type-page","status-publish","has-post-thumbnail"],"acf":[],"_links":{"self":[{"href":"https:\/\/querciahouses.com\/pt\/wp-json\/wp\/v2\/pages\/38","targetHints":{"allow":["GET"]}}],"collection":[{"href":"https:\/\/querciahouses.com\/pt\/wp-json\/wp\/v2\/pages"}],"about":[{"href":"https:\/\/querciahouses.com\/pt\/wp-json\/wp\/v2\/types\/page"}],"author":[{"embeddable":true,"href":"https:\/\/querciahouses.com\/pt\/wp-json\/wp\/v2\/users\/1"}],"replies":[{"embeddable":true,"href":"https:\/\/querciahouses.com\/pt\/wp-json\/wp\/v2\/comments?post=38"}],"version-history":[{"count":1,"href":"https:\/\/querciahouses.com\/pt\/wp-json\/wp\/v2\/pages\/38\/revisions"}],"predecessor-version":[{"id":2083,"href":"https:\/\/querciahouses.com\/pt\/wp-json\/wp\/v2\/pages\/38\/revisions\/2083"}],"wp:featuredmedia":[{"embeddable":true,"href":"https:\/\/querciahouses.com\/pt\/wp-json\/wp\/v2\/media\/166"}],"wp:attachment":[{"href":"https:\/\/querciahouses.com\/pt\/wp-json\/wp\/v2\/media?parent=38"}],"curies":[{"name":"wp","href":"https:\/\/api.w.org\/{rel}","templated":true}]}}